{"id":168,"date":"2015-12-10T20:04:25","date_gmt":"2015-12-10T20:04:25","guid":{"rendered":"http:\/\/test.eks-dreieich.de\/?page_id=168"},"modified":"2023-05-05T11:50:16","modified_gmt":"2023-05-05T10:50:16","slug":"elterninfo","status":"publish","type":"page","link":"https:\/\/www.eks-dreieich.de\/index.php\/elterninfo\/","title":{"rendered":"Elterninfo"},"content":{"rendered":"<p style=\"text-align: center;\">&nbsp;<\/p>\n<p>Wir \u00fcberarbeiten derzeit unser Konzept mit wichtigen Informationen f\u00fcr Eltern.<\/p>\n<p>Vielen Dank f\u00fcr Ihre Geduld.<\/p>\n<p>&nbsp;<\/p>\n<p>&nbsp;<\/p>\n<p>&nbsp;<\/p>\n<p>&nbsp;<\/p>\n<p>&nbsp;<\/p>\n<p>&nbsp;<\/p>\n<p>&nbsp;<\/p>\n<p>&nbsp;<\/p>\n<p>&nbsp;<\/p>\n<p>&nbsp;<\/p>\n<p>&nbsp;<\/p>\n<p>&nbsp;<\/p>\n<p>&nbsp;<\/p>\n<p>&nbsp;<\/p>\n<p>&nbsp;<\/p>\n<p>&nbsp;<\/p>\n<p>&nbsp;<\/p>\n<p>&nbsp;<\/p>\n<p>&nbsp;<\/p>\n<p>&nbsp;<\/p>\n<p>&nbsp;<\/p>\n<p>&nbsp;<\/p>\n<p>&nbsp;<\/p>\n<p>&nbsp;<\/p>\n","protected":false},"excerpt":{"rendered":"<p>&nbsp; Wir \u00fcberarbeiten derzeit unser Konzept mit wichtigen Informationen f\u00fcr Eltern. Vielen Dank f\u00fcr Ihre Geduld. &nbsp; &nbsp; &nbsp; &nbsp; &nbsp; &nbsp; &nbsp; &nbsp; &nbsp; &nbsp; &nbsp; &nbsp; &nbsp; &nbsp; &nbsp; &nbsp; &nbsp; &nbsp; &nbsp; &nbsp; &nbsp; &nbsp; &nbsp; &nbsp;<\/p>\n","protected":false},"author":1,"featured_media":0,"parent":0,"menu_order":0,"comment_status":"closed","ping_status":"closed","template":"","meta":{"ngg_post_thumbnail":0,"footnotes":""},"class_list":["post-168","page","type-page","status-publish","hentry"],"_links":{"self":[{"href":"https:\/\/www.eks-dreieich.de\/index.php\/wp-json\/wp\/v2\/pages\/168","targetHints":{"allow":["GET"]}}],"collection":[{"href":"https:\/\/www.eks-dreieich.de\/index.php\/wp-json\/wp\/v2\/pages"}],"about":[{"href":"https:\/\/www.eks-dreieich.de\/index.php\/wp-json\/wp\/v2\/types\/page"}],"author":[{"embeddable":true,"href":"https:\/\/www.eks-dreieich.de\/index.php\/wp-json\/wp\/v2\/users\/1"}],"replies":[{"embeddable":true,"href":"https:\/\/www.eks-dreieich.de\/index.php\/wp-json\/wp\/v2\/comments?post=168"}],"version-history":[{"count":11,"href":"https:\/\/www.eks-dreieich.de\/index.php\/wp-json\/wp\/v2\/pages\/168\/revisions"}],"predecessor-version":[{"id":3317,"href":"https:\/\/www.eks-dreieich.de\/index.php\/wp-json\/wp\/v2\/pages\/168\/revisions\/3317"}],"wp:attachment":[{"href":"https:\/\/www.eks-dreieich.de\/index.php\/wp-json\/wp\/v2\/media?parent=168"}],"curies":[{"name":"wp","href":"https:\/\/api.w.org\/{rel}","templated":true}]}}