{"id":49,"date":"2015-12-06T19:37:15","date_gmt":"2015-12-06T19:37:15","guid":{"rendered":"http:\/\/test.eks-dreieich.de\/?page_id=49"},"modified":"2017-09-14T13:59:37","modified_gmt":"2017-09-14T11:59:37","slug":"schulprofil","status":"publish","type":"page","link":"https:\/\/www.eks-dreieich.de\/index.php\/schulprofil\/","title":{"rendered":"Schulprofil"},"content":{"rendered":"<p>&nbsp;<\/p>\n<p><strong><a href=\"https:\/\/www.eks-dreieich.de\/index.php\/erich-kastner\/\">Erich K\u00e4stner<\/a><br \/>\n<\/strong><span style=\"color: #999999;\">Eine kleiner Lebenslauf sowie bekannte B\u00fccher und Verfilmungen von Erich K\u00e4stner.<\/span><\/p>\n<p><strong><a href=\"https:\/\/www.eks-dreieich.de\/index.php\/leitziele\/\">Leitziele<\/a><br \/>\n<\/strong><span style=\"color: #999999;\">Erfahren Sie, welche Leitziele uns antreiben.<\/span><\/p>\n<p><strong><a href=\"https:\/\/www.eks-dreieich.de\/index.php\/schulprogramm\/\">Schulprogramm<\/a><br \/>\n<\/strong><span style=\"color: #999999;\">Erfahren Sie mehr zu unserem Schulprogramm.<\/span><\/p>\n<p><strong><a href=\"https:\/\/www.eks-dreieich.de\/wp-content\/uploads\/2015\/12\/Schulinspektionsbericht_EKS.pdf\" target=\"_blank\">Schulinspektionsbericht<\/a><br \/>\n<\/strong><span style=\"color: #999999;\">Machen Sie sich unseren Schulinspektionsbericht zu eigen.<\/span><\/p>\n<p><strong><a href=\"https:\/\/www.eks-dreieich.de\/index.php\/zertifizierungen\/\">Zertifizierung<\/a><br \/>\n<\/strong><span style=\"color: #999999;\">Erfahren Sie mehr \u00fcber unsere Zerzitifizierung.<\/span><\/p>\n","protected":false},"excerpt":{"rendered":"<p>&nbsp; Erich K\u00e4stner Eine kleiner Lebenslauf sowie bekannte B\u00fccher und Verfilmungen von Erich K\u00e4stner. Leitziele Erfahren Sie, welche Leitziele uns antreiben. Schulprogramm Erfahren Sie mehr zu unserem Schulprogramm. Schulinspektionsbericht Machen Sie sich unseren Schulinspektionsbericht zu eigen. Zertifizierung Erfahren Sie mehr \u00fcber unsere Zerzitifizierung.<\/p>\n","protected":false},"author":1,"featured_media":0,"parent":0,"menu_order":0,"comment_status":"closed","ping_status":"closed","template":"","meta":{"ngg_post_thumbnail":0,"footnotes":""},"class_list":["post-49","page","type-page","status-publish","hentry"],"_links":{"self":[{"href":"https:\/\/www.eks-dreieich.de\/index.php\/wp-json\/wp\/v2\/pages\/49","targetHints":{"allow":["GET"]}}],"collection":[{"href":"https:\/\/www.eks-dreieich.de\/index.php\/wp-json\/wp\/v2\/pages"}],"about":[{"href":"https:\/\/www.eks-dreieich.de\/index.php\/wp-json\/wp\/v2\/types\/page"}],"author":[{"embeddable":true,"href":"https:\/\/www.eks-dreieich.de\/index.php\/wp-json\/wp\/v2\/users\/1"}],"replies":[{"embeddable":true,"href":"https:\/\/www.eks-dreieich.de\/index.php\/wp-json\/wp\/v2\/comments?post=49"}],"version-history":[{"count":8,"href":"https:\/\/www.eks-dreieich.de\/index.php\/wp-json\/wp\/v2\/pages\/49\/revisions"}],"predecessor-version":[{"id":1896,"href":"https:\/\/www.eks-dreieich.de\/index.php\/wp-json\/wp\/v2\/pages\/49\/revisions\/1896"}],"wp:attachment":[{"href":"https:\/\/www.eks-dreieich.de\/index.php\/wp-json\/wp\/v2\/media?parent=49"}],"curies":[{"name":"wp","href":"https:\/\/api.w.org\/{rel}","templated":true}]}}